{"id":64,"date":"2021-01-29T23:11:40","date_gmt":"2021-01-29T20:11:40","guid":{"rendered":"https:\/\/akincimaden.com\/?page_id=64"},"modified":"2024-08-27T22:41:21","modified_gmt":"2024-08-27T19:41:21","slug":"iletisim","status":"publish","type":"page","link":"https:\/\/akincimaden.com\/index.php\/iletisim\/","title":{"rendered":"\u0130leti\u015fim"},"content":{"rendered":"\n<div class=\"wp-block-columns\">\n<div class=\"wp-block-column\" style=\"flex-basis:100%\">\n<div class=\"wp-block-columns\">\n<div class=\"wp-block-column\" style=\"flex-basis:100%\">\n\n\n<div class=\"wp-block-columns\">\n<div class=\"wp-block-column\">\n<h3 class=\"widget-title\">\u0130leti\u015fim Bilgilerimiz:<\/h3>\n<address> <i class=\"fa fa-map-marker\"><\/i>Ak\u0131nc\u0131 Kalsit Madencilik San.Tic.Ltd.\u015eti.<br>\n<address>\n                            <i class=\"fa fa-map-marker\"><\/i>Erenler OSB Mah. 6.Sk. No:3 \nMerkez \/ AKSARAY \/ TURKEY<br>\n                            <i class=\"fa fa-envelope-o\"><\/i><a href=\"mailto:akinci@akincimaden.com\">akinci@akincimaden.com<\/a><br>\n                            \n<i class=\"fa fa-fax\"><\/i><br>\n<i class=\"fa fa-phone\"><\/i>+90 541 353 39 58 &#8211; Gsm<br>\n                        <\/address><\/address>\n<\/div>\n\n\n\n<div class=\"wp-block-column\">\n<iframe loading=\"lazy\" src=\"https:\/\/www.google.com\/maps\/embed?pb=!1m18!1m12!1m3!1d3132.5511815361574!2d33.98909861533192!3d38.266714179672896!2m3!1f0!2f0!3f0!3m2!1i1024!2i768!4f13.1!3m3!1m2!1s0x0%3A0xaa42d311bd5fe154!2zQWvEsW5jxLEgTWFkZW4!5e0!3m2!1str!2str!4v1611994120204!5m2!1str!2str\" style=\"border: inset\" width=\"100%\" height=\"100%\" frameborder=\"1\"><\/iframe>\n<\/div>\n<\/div>\n<\/div>\n<\/div>\n<\/div>\n<\/div>\n\n\n\n<div class=\"wp-block-contact-form-7-contact-form-selector\">[contact-form-7 id=&#8221;8&#8243; title=&#8221;\u0130leti\u015fim formu 1&#8243;]<\/div>\n","protected":false},"excerpt":{"rendered":"","protected":false},"author":1,"featured_media":0,"parent":0,"menu_order":0,"comment_status":"closed","ping_status":"closed","template":"template-fullwidth.php","meta":[],"yoast_head":"<!-- This site is optimized with the Yoast SEO plugin v16.3 - https:\/\/yoast.com\/wordpress\/plugins\/seo\/ -->\n<title>\u0130leti\u015fim - Ak\u0131nc\u0131 Maden<\/title>\n<meta name=\"robots\" content=\"index, follow, max-snippet:-1, max-image-preview:large, max-video-preview:-1\" \/>\n<link rel=\"canonical\" href=\"https:\/\/akincimaden.com\/index.php\/iletisim\/\" \/>\n<meta property=\"og:locale\" content=\"tr_TR\" \/>\n<meta property=\"og:type\" content=\"article\" \/>\n<meta property=\"og:title\" content=\"\u0130leti\u015fim - Ak\u0131nc\u0131 Maden\" \/>\n<meta property=\"og:url\" content=\"https:\/\/akincimaden.com\/index.php\/iletisim\/\" \/>\n<meta property=\"og:site_name\" content=\"Ak\u0131nc\u0131 Maden\" \/>\n<meta property=\"article:modified_time\" content=\"2024-08-27T19:41:21+00:00\" \/>\n<meta name=\"twitter:card\" content=\"summary_large_image\" \/>\n<meta name=\"twitter:label1\" content=\"Tahmini okuma s\u00fcresi\">\n\t<meta name=\"twitter:data1\" content=\"1 dakika\">\n<script type=\"application\/ld+json\" class=\"yoast-schema-graph\">{\"@context\":\"https:\/\/schema.org\",\"@graph\":[{\"@type\":\"WebSite\",\"@id\":\"https:\/\/akincimaden.com\/#website\",\"url\":\"https:\/\/akincimaden.com\/\",\"name\":\"Ak\\u0131nc\\u0131 Maden\",\"description\":\"\",\"potentialAction\":[{\"@type\":\"SearchAction\",\"target\":\"https:\/\/akincimaden.com\/?s={search_term_string}\",\"query-input\":\"required name=search_term_string\"}],\"inLanguage\":\"tr\"},{\"@type\":\"WebPage\",\"@id\":\"https:\/\/akincimaden.com\/index.php\/iletisim\/#webpage\",\"url\":\"https:\/\/akincimaden.com\/index.php\/iletisim\/\",\"name\":\"\\u0130leti\\u015fim - Ak\\u0131nc\\u0131 Maden\",\"isPartOf\":{\"@id\":\"https:\/\/akincimaden.com\/#website\"},\"datePublished\":\"2021-01-29T20:11:40+00:00\",\"dateModified\":\"2024-08-27T19:41:21+00:00\",\"breadcrumb\":{\"@id\":\"https:\/\/akincimaden.com\/index.php\/iletisim\/#breadcrumb\"},\"inLanguage\":\"tr\",\"potentialAction\":[{\"@type\":\"ReadAction\",\"target\":[\"https:\/\/akincimaden.com\/index.php\/iletisim\/\"]}]},{\"@type\":\"BreadcrumbList\",\"@id\":\"https:\/\/akincimaden.com\/index.php\/iletisim\/#breadcrumb\",\"itemListElement\":[{\"@type\":\"ListItem\",\"position\":1,\"item\":{\"@type\":\"WebPage\",\"@id\":\"https:\/\/akincimaden.com\/\",\"url\":\"https:\/\/akincimaden.com\/\",\"name\":\"Anasayfa\"}},{\"@type\":\"ListItem\",\"position\":2,\"item\":{\"@id\":\"https:\/\/akincimaden.com\/index.php\/iletisim\/#webpage\"}}]}]}<\/script>\n<!-- \/ Yoast SEO plugin. -->","_links":{"self":[{"href":"https:\/\/akincimaden.com\/index.php\/wp-json\/wp\/v2\/pages\/64"}],"collection":[{"href":"https:\/\/akincimaden.com\/index.php\/wp-json\/wp\/v2\/pages"}],"about":[{"href":"https:\/\/akincimaden.com\/index.php\/wp-json\/wp\/v2\/types\/page"}],"author":[{"embeddable":true,"href":"https:\/\/akincimaden.com\/index.php\/wp-json\/wp\/v2\/users\/1"}],"replies":[{"embeddable":true,"href":"https:\/\/akincimaden.com\/index.php\/wp-json\/wp\/v2\/comments?post=64"}],"version-history":[{"count":17,"href":"https:\/\/akincimaden.com\/index.php\/wp-json\/wp\/v2\/pages\/64\/revisions"}],"predecessor-version":[{"id":611,"href":"https:\/\/akincimaden.com\/index.php\/wp-json\/wp\/v2\/pages\/64\/revisions\/611"}],"wp:attachment":[{"href":"https:\/\/akincimaden.com\/index.php\/wp-json\/wp\/v2\/media?parent=64"}],"curies":[{"name":"wp","href":"https:\/\/api.w.org\/{rel}","templated":true}]}}