{"id":154,"date":"2021-01-30T12:56:14","date_gmt":"2021-01-30T09:56:14","guid":{"rendered":"https:\/\/akincimaden.com\/?page_id=154"},"modified":"2021-01-30T14:14:05","modified_gmt":"2021-01-30T11:14:05","slug":"mali-bilgilerimiz","status":"publish","type":"page","link":"https:\/\/akincimaden.com\/index.php\/mali-bilgilerimiz\/","title":{"rendered":"Mali Bilgilerimiz"},"content":{"rendered":"\n<div class=\"wp-block-columns\">\n<div class=\"wp-block-column\">\n<blockquote class=\"wp-block-quote\"><p>AKINCI KALS\u0130T MADENC\u0130L\u0130K SAN.T\u0130C.LTD.\u015eT\u0130.<br>KIRIMLI MAH. 135\/ NECMETT\u0130N ERBAKAN BULVARI 454<br>MERKEZ \/ AKSARAY \/ TURKEY<br>AKSARAY VD. NO: 0270578566<\/p><\/blockquote>\n<\/div>\n<\/div>\n\n\n\n<blockquote class=\"wp-block-quote\"><p><strong><span class=\"has-inline-color has-vivid-red-color\">Banka Bilgilerimiz:<\/span><\/strong><\/p><p>AKINCI KALS\u0130T MADENC\u0130L\u0130K SAN.T\u0130C.LTD.\u015eT\u0130.<\/p><p>IBAN : TR00 0000 0000 0000 0000 00 TL    <\/p><p><\/p><\/blockquote>\n\n\n\n<p><\/p>\n","protected":false},"excerpt":{"rendered":"<p>AKINCI KALS\u0130T MADENC\u0130L\u0130K SAN.T\u0130C.LTD.\u015eT\u0130.KIRIMLI MAH. 135\/ NECMETT\u0130N ERBAKAN BULVARI 454MERKEZ \/ AKSARAY \/ TURKEYAKSARAY VD. NO: 0270578566 Banka Bilgilerimiz: AKINCI KALS\u0130T MADENC\u0130L\u0130K SAN.T\u0130C.LTD.\u015eT\u0130. IBAN : TR00 0000 0000 0000 0000 00 TL<\/p>\n","protected":false},"author":1,"featured_media":0,"parent":0,"menu_order":0,"comment_status":"closed","ping_status":"closed","template":"","meta":[],"yoast_head":"<!-- This site is optimized with the Yoast SEO plugin v16.3 - https:\/\/yoast.com\/wordpress\/plugins\/seo\/ -->\n<title>Mali Bilgilerimiz - Ak\u0131nc\u0131 Maden<\/title>\n<meta name=\"robots\" content=\"index, follow, max-snippet:-1, max-image-preview:large, max-video-preview:-1\" \/>\n<link rel=\"canonical\" href=\"https:\/\/akincimaden.com\/index.php\/mali-bilgilerimiz\/\" \/>\n<meta property=\"og:locale\" content=\"tr_TR\" \/>\n<meta property=\"og:type\" content=\"article\" \/>\n<meta property=\"og:title\" content=\"Mali Bilgilerimiz - Ak\u0131nc\u0131 Maden\" \/>\n<meta property=\"og:description\" content=\"AKINCI KALS\u0130T MADENC\u0130L\u0130K SAN.T\u0130C.LTD.\u015eT\u0130.KIRIMLI MAH. 135\/ NECMETT\u0130N ERBAKAN BULVARI 454MERKEZ \/ AKSARAY \/ TURKEYAKSARAY VD. NO: 0270578566 Banka Bilgilerimiz: AKINCI KALS\u0130T MADENC\u0130L\u0130K SAN.T\u0130C.LTD.\u015eT\u0130. IBAN : TR00 0000 0000 0000 0000 00 TL\" \/>\n<meta property=\"og:url\" content=\"https:\/\/akincimaden.com\/index.php\/mali-bilgilerimiz\/\" \/>\n<meta property=\"og:site_name\" content=\"Ak\u0131nc\u0131 Maden\" \/>\n<meta property=\"article:modified_time\" content=\"2021-01-30T11:14:05+00:00\" \/>\n<meta name=\"twitter:card\" content=\"summary_large_image\" \/>\n<meta name=\"twitter:label1\" content=\"Tahmini okuma s\u00fcresi\">\n\t<meta name=\"twitter:data1\" content=\"1 dakika\">\n<script type=\"application\/ld+json\" class=\"yoast-schema-graph\">{\"@context\":\"https:\/\/schema.org\",\"@graph\":[{\"@type\":\"WebSite\",\"@id\":\"https:\/\/akincimaden.com\/#website\",\"url\":\"https:\/\/akincimaden.com\/\",\"name\":\"Ak\\u0131nc\\u0131 Maden\",\"description\":\"\",\"potentialAction\":[{\"@type\":\"SearchAction\",\"target\":\"https:\/\/akincimaden.com\/?s={search_term_string}\",\"query-input\":\"required name=search_term_string\"}],\"inLanguage\":\"tr\"},{\"@type\":\"WebPage\",\"@id\":\"https:\/\/akincimaden.com\/index.php\/mali-bilgilerimiz\/#webpage\",\"url\":\"https:\/\/akincimaden.com\/index.php\/mali-bilgilerimiz\/\",\"name\":\"Mali Bilgilerimiz - Ak\\u0131nc\\u0131 Maden\",\"isPartOf\":{\"@id\":\"https:\/\/akincimaden.com\/#website\"},\"datePublished\":\"2021-01-30T09:56:14+00:00\",\"dateModified\":\"2021-01-30T11:14:05+00:00\",\"breadcrumb\":{\"@id\":\"https:\/\/akincimaden.com\/index.php\/mali-bilgilerimiz\/#breadcrumb\"},\"inLanguage\":\"tr\",\"potentialAction\":[{\"@type\":\"ReadAction\",\"target\":[\"https:\/\/akincimaden.com\/index.php\/mali-bilgilerimiz\/\"]}]},{\"@type\":\"BreadcrumbList\",\"@id\":\"https:\/\/akincimaden.com\/index.php\/mali-bilgilerimiz\/#breadcrumb\",\"itemListElement\":[{\"@type\":\"ListItem\",\"position\":1,\"item\":{\"@type\":\"WebPage\",\"@id\":\"https:\/\/akincimaden.com\/\",\"url\":\"https:\/\/akincimaden.com\/\",\"name\":\"Anasayfa\"}},{\"@type\":\"ListItem\",\"position\":2,\"item\":{\"@id\":\"https:\/\/akincimaden.com\/index.php\/mali-bilgilerimiz\/#webpage\"}}]}]}<\/script>\n<!-- \/ Yoast SEO plugin. -->","_links":{"self":[{"href":"https:\/\/akincimaden.com\/index.php\/wp-json\/wp\/v2\/pages\/154"}],"collection":[{"href":"https:\/\/akincimaden.com\/index.php\/wp-json\/wp\/v2\/pages"}],"about":[{"href":"https:\/\/akincimaden.com\/index.php\/wp-json\/wp\/v2\/types\/page"}],"author":[{"embeddable":true,"href":"https:\/\/akincimaden.com\/index.php\/wp-json\/wp\/v2\/users\/1"}],"replies":[{"embeddable":true,"href":"https:\/\/akincimaden.com\/index.php\/wp-json\/wp\/v2\/comments?post=154"}],"version-history":[{"count":3,"href":"https:\/\/akincimaden.com\/index.php\/wp-json\/wp\/v2\/pages\/154\/revisions"}],"predecessor-version":[{"id":185,"href":"https:\/\/akincimaden.com\/index.php\/wp-json\/wp\/v2\/pages\/154\/revisions\/185"}],"wp:attachment":[{"href":"https:\/\/akincimaden.com\/index.php\/wp-json\/wp\/v2\/media?parent=154"}],"curies":[{"name":"wp","href":"https:\/\/api.w.org\/{rel}","templated":true}]}}