{"id":110,"date":"2021-01-30T08:34:40","date_gmt":"2021-01-30T05:34:40","guid":{"rendered":"https:\/\/akincimaden.com\/?page_id=110"},"modified":"2021-01-30T13:35:31","modified_gmt":"2021-01-30T10:35:31","slug":"3-mikron","status":"publish","type":"page","link":"https:\/\/akincimaden.com\/index.php\/3-mikron\/","title":{"rendered":"3 Mikron"},"content":{"rendered":"\n<div class=\"wp-block-media-text alignwide has-media-on-the-right is-stacked-on-mobile\" style=\"grid-template-columns:auto 30%\"><figure class=\"wp-block-media-text__media\"><img loading=\"lazy\" width=\"553\" height=\"694\" src=\"https:\/\/akincimaden.com\/wp-content\/uploads\/2021\/01\/kraft_torba-2.png\" alt=\"\" class=\"wp-image-111 size-full\" srcset=\"https:\/\/akincimaden.com\/wp-content\/uploads\/2021\/01\/kraft_torba-2.png 553w, https:\/\/akincimaden.com\/wp-content\/uploads\/2021\/01\/kraft_torba-2-239x300.png 239w\" sizes=\"(max-width: 553px) 100vw, 553px\" \/><\/figure><div class=\"wp-block-media-text__content\">\n<p><strong><span class=\"has-inline-color has-vivid-cyan-blue-color\">Kimyasal \u00d6zellikleri<\/span><\/strong><br>CaCO3&nbsp; % 99,50 min.<br>MgO&nbsp;&nbsp;&nbsp;&nbsp;&nbsp; % 0,40 max.<br>Fe2O3&nbsp;&nbsp; % 0.02 max.<br>SiO2&nbsp;&nbsp;&nbsp;&nbsp;&nbsp; % 0,01 max.<br>HCI &#8216;de \u00c7\u00f6z\u00fcnmeyen % 0,02 max.<\/p>\n\n\n\n<p><strong><span class=\"has-inline-color has-vivid-cyan-blue-color\">Fiziksel \u00d6zellikleri<\/span><\/strong><br>Mineral Yo\u011funlu\u011fu (ISO 787\/10) 2.7 gr\/ml<br>Sertlik (moh&#8217;s) 3.0<br>Beyazl\u0131k (Elrepho) Ry % 98,5<br>R457 Parlakl\u0131k % 97,5<br>Ph (ISO 787\/9) 9+-05.<br>Nem (ISO 787\/2) 0,05 max.<br>Ya\u011f Emme (ISO 787\/5) 25 gr\/100 gr<br>DOP Emme (ISO 787\/5) 29 gr\/100 gr<\/p>\n<\/div><\/div>\n\n\n\n<blockquote class=\"wp-block-quote\"><p><span class=\"has-inline-color has-vivid-red-color\"><strong>Kullan\u0131m Yerleri :<\/strong><br><\/span>Kablo, ka\u011f\u0131t, plastik, boya, g\u0131da, kau\u00e7uk ve kimya sekt\u00f6rlerinde<br>dolgu maddesi olarak kullan\u0131lmaktad\u0131r.<\/p><\/blockquote>\n","protected":false},"excerpt":{"rendered":"<p>Kimyasal \u00d6zellikleriCaCO3&nbsp; % 99,50 min.MgO&nbsp;&nbsp;&nbsp;&nbsp;&nbsp; % 0,40 max.Fe2O3&nbsp;&nbsp; % 0.02 max.SiO2&nbsp;&nbsp;&nbsp;&nbsp;&nbsp; % 0,01 max.HCI &#8216;de \u00c7\u00f6z\u00fcnmeyen % 0,02 max. Fiziksel \u00d6zellikleriMineral Yo\u011funlu\u011fu (ISO 787\/10) 2.7 gr\/mlSertlik (moh&#8217;s) 3.0Beyazl\u0131k (Elrepho) Ry % 98,5R457 Parlakl\u0131k % 97,5Ph (ISO 787\/9) 9+-05.Nem (ISO 787\/2) 0,05 max.Ya\u011f Emme (ISO 787\/5) 25 gr\/100 grDOP Emme (ISO 787\/5) 29 gr\/100 gr Kullan\u0131m [&hellip;]<\/p>\n","protected":false},"author":1,"featured_media":0,"parent":0,"menu_order":0,"comment_status":"closed","ping_status":"closed","template":"template-fullwidth.php","meta":[],"yoast_head":"<!-- This site is optimized with the Yoast SEO plugin v16.3 - https:\/\/yoast.com\/wordpress\/plugins\/seo\/ -->\n<title>3 Mikron - Ak\u0131nc\u0131 Maden<\/title>\n<meta name=\"robots\" content=\"index, follow, max-snippet:-1, max-image-preview:large, max-video-preview:-1\" \/>\n<link rel=\"canonical\" href=\"https:\/\/akincimaden.com\/index.php\/3-mikron\/\" \/>\n<meta property=\"og:locale\" content=\"tr_TR\" \/>\n<meta property=\"og:type\" content=\"article\" \/>\n<meta property=\"og:title\" content=\"3 Mikron - Ak\u0131nc\u0131 Maden\" \/>\n<meta property=\"og:description\" content=\"Kimyasal \u00d6zellikleriCaCO3&nbsp; % 99,50 min.MgO&nbsp;&nbsp;&nbsp;&nbsp;&nbsp; % 0,40 max.Fe2O3&nbsp;&nbsp; % 0.02 max.SiO2&nbsp;&nbsp;&nbsp;&nbsp;&nbsp; % 0,01 max.HCI &#8216;de \u00c7\u00f6z\u00fcnmeyen % 0,02 max. Fiziksel \u00d6zellikleriMineral Yo\u011funlu\u011fu (ISO 787\/10) 2.7 gr\/mlSertlik (moh&#8217;s) 3.0Beyazl\u0131k (Elrepho) Ry % 98,5R457 Parlakl\u0131k % 97,5Ph (ISO 787\/9) 9+-05.Nem (ISO 787\/2) 0,05 max.Ya\u011f Emme (ISO 787\/5) 25 gr\/100 grDOP Emme (ISO 787\/5) 29 gr\/100 gr Kullan\u0131m [&hellip;]\" \/>\n<meta property=\"og:url\" content=\"https:\/\/akincimaden.com\/index.php\/3-mikron\/\" \/>\n<meta property=\"og:site_name\" content=\"Ak\u0131nc\u0131 Maden\" \/>\n<meta property=\"article:modified_time\" content=\"2021-01-30T10:35:31+00:00\" \/>\n<meta property=\"og:image\" content=\"https:\/\/akincimaden.com\/wp-content\/uploads\/2021\/01\/kraft_torba-2.png\" \/>\n<meta name=\"twitter:card\" content=\"summary_large_image\" \/>\n<meta name=\"twitter:label1\" content=\"Tahmini okuma s\u00fcresi\">\n\t<meta name=\"twitter:data1\" content=\"1 dakika\">\n<script type=\"application\/ld+json\" class=\"yoast-schema-graph\">{\"@context\":\"https:\/\/schema.org\",\"@graph\":[{\"@type\":\"WebSite\",\"@id\":\"https:\/\/akincimaden.com\/#website\",\"url\":\"https:\/\/akincimaden.com\/\",\"name\":\"Ak\\u0131nc\\u0131 Maden\",\"description\":\"\",\"potentialAction\":[{\"@type\":\"SearchAction\",\"target\":\"https:\/\/akincimaden.com\/?s={search_term_string}\",\"query-input\":\"required name=search_term_string\"}],\"inLanguage\":\"tr\"},{\"@type\":\"ImageObject\",\"@id\":\"https:\/\/akincimaden.com\/index.php\/3-mikron\/#primaryimage\",\"inLanguage\":\"tr\",\"url\":\"https:\/\/akincimaden.com\/wp-content\/uploads\/2021\/01\/kraft_torba-2.png\",\"contentUrl\":\"https:\/\/akincimaden.com\/wp-content\/uploads\/2021\/01\/kraft_torba-2.png\",\"width\":553,\"height\":694},{\"@type\":\"WebPage\",\"@id\":\"https:\/\/akincimaden.com\/index.php\/3-mikron\/#webpage\",\"url\":\"https:\/\/akincimaden.com\/index.php\/3-mikron\/\",\"name\":\"3 Mikron - Ak\\u0131nc\\u0131 Maden\",\"isPartOf\":{\"@id\":\"https:\/\/akincimaden.com\/#website\"},\"primaryImageOfPage\":{\"@id\":\"https:\/\/akincimaden.com\/index.php\/3-mikron\/#primaryimage\"},\"datePublished\":\"2021-01-30T05:34:40+00:00\",\"dateModified\":\"2021-01-30T10:35:31+00:00\",\"breadcrumb\":{\"@id\":\"https:\/\/akincimaden.com\/index.php\/3-mikron\/#breadcrumb\"},\"inLanguage\":\"tr\",\"potentialAction\":[{\"@type\":\"ReadAction\",\"target\":[\"https:\/\/akincimaden.com\/index.php\/3-mikron\/\"]}]},{\"@type\":\"BreadcrumbList\",\"@id\":\"https:\/\/akincimaden.com\/index.php\/3-mikron\/#breadcrumb\",\"itemListElement\":[{\"@type\":\"ListItem\",\"position\":1,\"item\":{\"@type\":\"WebPage\",\"@id\":\"https:\/\/akincimaden.com\/\",\"url\":\"https:\/\/akincimaden.com\/\",\"name\":\"Anasayfa\"}},{\"@type\":\"ListItem\",\"position\":2,\"item\":{\"@id\":\"https:\/\/akincimaden.com\/index.php\/3-mikron\/#webpage\"}}]}]}<\/script>\n<!-- \/ Yoast SEO plugin. -->","_links":{"self":[{"href":"https:\/\/akincimaden.com\/index.php\/wp-json\/wp\/v2\/pages\/110"}],"collection":[{"href":"https:\/\/akincimaden.com\/index.php\/wp-json\/wp\/v2\/pages"}],"about":[{"href":"https:\/\/akincimaden.com\/index.php\/wp-json\/wp\/v2\/types\/page"}],"author":[{"embeddable":true,"href":"https:\/\/akincimaden.com\/index.php\/wp-json\/wp\/v2\/users\/1"}],"replies":[{"embeddable":true,"href":"https:\/\/akincimaden.com\/index.php\/wp-json\/wp\/v2\/comments?post=110"}],"version-history":[{"count":3,"href":"https:\/\/akincimaden.com\/index.php\/wp-json\/wp\/v2\/pages\/110\/revisions"}],"predecessor-version":[{"id":164,"href":"https:\/\/akincimaden.com\/index.php\/wp-json\/wp\/v2\/pages\/110\/revisions\/164"}],"wp:attachment":[{"href":"https:\/\/akincimaden.com\/index.php\/wp-json\/wp\/v2\/media?parent=110"}],"curies":[{"name":"wp","href":"https:\/\/api.w.org\/{rel}","templated":true}]}}